{"id":153,"date":"2025-08-28T22:53:08","date_gmt":"2025-08-28T22:53:08","guid":{"rendered":"https:\/\/manathaimassage.com\/?page_id=153"},"modified":"2026-02-25T16:00:47","modified_gmt":"2026-02-25T16:00:47","slug":"thai-oil-massage-a-gentle-fusion-of-relaxation-and-energy","status":"publish","type":"page","link":"https:\/\/manathaimassage.com\/es\/thai-oil-massage-a-gentle-fusion-of-relaxation-and-energy\/","title":{"rendered":"Masaje Tailand\u00e9s con Aceite: Una Suave Fusi\u00f3n de Relajaci\u00f3n y Energ\u00eda"},"content":{"rendered":"<div class=\"wp-block-group alignfull has-tertiary-background-color has-background has-global-padding is-layout-constrained wp-container-core-group-is-layout-7276a2bb wp-block-group-is-layout-constrained\" id=\"about\" style=\"margin-top:0;margin-bottom:0;padding-top:var(--wp--preset--spacing--60);padding-right:var(--wp--preset--spacing--30);padding-bottom:var(--wp--preset--spacing--60);padding-left:var(--wp--preset--spacing--30)\">\n<div class=\"wp-block-columns alignwide are-vertically-aligned-center is-layout-flex wp-container-core-columns-is-layout-47c06fe3 wp-block-columns-is-layout-flex\">\n<div class=\"wp-block-column is-vertically-aligned-center is-layout-flow wp-container-core-column-is-layout-f5bb311e wp-block-column-is-layout-flow\" style=\"flex-basis:50%\">\n<div class=\"wp-block-group has-global-padding is-layout-constrained wp-container-core-group-is-layout-279e0ccb wp-block-group-is-layout-constrained\">\n<figure class=\"wp-block-image size-full has-custom-border extendify-image-import is-style-default\"><img loading=\"lazy\" decoding=\"async\" width=\"1000\" height=\"1000\" src=\"http:\/\/manathaimassage.com\/wp-content\/uploads\/2025\/10\/relaxing-oil-massage.jpg\" alt=\"\" class=\"wp-image-198\" style=\"border-radius:20rem;aspect-ratio:3\/4;object-fit:cover\" srcset=\"https:\/\/manathaimassage.com\/wp-content\/uploads\/2025\/10\/relaxing-oil-massage.jpg 1000w, https:\/\/manathaimassage.com\/wp-content\/uploads\/2025\/10\/relaxing-oil-massage-300x300.jpg 300w, https:\/\/manathaimassage.com\/wp-content\/uploads\/2025\/10\/relaxing-oil-massage-150x150.jpg 150w, https:\/\/manathaimassage.com\/wp-content\/uploads\/2025\/10\/relaxing-oil-massage-768x768.jpg 768w, https:\/\/manathaimassage.com\/wp-content\/uploads\/2025\/10\/relaxing-oil-massage-12x12.jpg 12w\" sizes=\"auto, (max-width: 1000px) 100vw, 1000px\" \/><\/figure>\n<\/div>\n<\/div>\n\n\n\n<div class=\"wp-block-column is-vertically-aligned-center is-layout-flow wp-block-column-is-layout-flow\" style=\"flex-basis:60%\">\n<h2 class=\"wp-block-heading has-foreground-color has-text-color has-link-color has-large-font-size wp-elements-a60234092337b39339b313403c7537c7\">Masaje Tailand\u00e9s con Aceite: Una Suave Fusi\u00f3n de Relajaci\u00f3n y Energ\u00eda<\/h2>\n\n\n\n<h3 class=\"wp-block-heading\">\u00bfQu\u00e9 es el Masaje Tailand\u00e9s con Aceite?<\/h3>\n\n\n\n<p class=\"has-foreground-color has-text-color has-link-color wp-elements-a1279448fa66e4cbb5ffc7837097308a translation-block\" style=\"margin-top:16px\">El Masaje Tailand\u00e9s con Aceite es una evoluci\u00f3n moderna del Masaje Tailand\u00e9s Tradicional. Combina la acupresi\u00f3n y los movimientos r\u00edtmicos del masaje tailand\u00e9s con largos y fluidos movimientos usando aceites tibios, creando una experiencia m\u00e1s suave y relajante.<\/p>\n\n\n\n<p>Se realiza sobre una camilla de masaje, y el terapeuta utiliza manos, antebrazos y codos para trabajar a lo largo de las l\u00edneas de energ\u00eda del cuerpo (l\u00edneas Sen), liberando bloqueos y promoviendo la circulaci\u00f3n.<\/p>\n\n\n\n<hr class=\"wp-block-separator has-alpha-channel-opacity\"\/>\n\n\n\n<h3 class=\"wp-block-heading\">Ideal Para:<\/h3>\n\n\n\n<ul class=\"wp-block-list\">\n<li>Prefieren un toque m\u00e1s suave que el masaje tailand\u00e9s tradicional<\/li>\n\n\n\n<li>Quieren aliviar estr\u00e9s, ansiedad y fatiga<\/li>\n\n\n\n<li>Necesitan mejorar la circulaci\u00f3n y el flujo linf\u00e1tico<\/li>\n\n\n\n<li>Aman la sensaci\u00f3n de aceites tibios y movimientos suaves<\/li>\n\n\n\n<li>Buscan claridad mental y calma emocional<\/li>\n<\/ul>\n\n\n\n<hr class=\"wp-block-separator has-alpha-channel-opacity\"\/>\n\n\n\n<h3 class=\"wp-block-heading\">Beneficios del masaje con aceite tailand\u00e9s<\/h3>\n\n\n\n<ul class=\"wp-block-list\">\n<li>Relajaci\u00f3n Profunda \u2013 Alivia el estr\u00e9s y calma la mente.<\/li>\n\n\n\n<li>Alivio Muscular \u2013 Reduce tensi\u00f3n y dolor muscular.<\/li>\n\n\n\n<li>Mejora la Circulaci\u00f3n \u2013 Favorece la circulaci\u00f3n sangu\u00ednea y la desintoxicaci\u00f3n.<\/li>\n\n\n\n<li>Piel Suave y Saludable \u2013 Los aceites hidratan y nutren la piel.<\/li>\n\n\n\n<li>Mayor Flexibilidad \u2013 Estiramientos suaves mejoran la movilidad.<\/li>\n<\/ul>\n\n\n\n<p>Saldr\u00e1s sinti\u00e9ndote m\u00e1s ligero, centrado y en paz profunda.<\/p>\n\n\n\n<hr class=\"wp-block-separator has-alpha-channel-opacity\"\/>\n\n\n\n<h3 class=\"wp-block-heading\">\u00bfQu\u00e9 Puedes Esperar en la Sesi\u00f3n?<\/h3>\n\n\n\n<ul class=\"wp-block-list\">\n<li>Te recostar\u00e1s en una camilla de masaje c\u00f3moda<\/li>\n\n\n\n<li>Se aplicar\u00e1n aceites naturales tibios sobre tu piel<\/li>\n\n\n\n<li>El terapeuta realizar\u00e1 movimientos fluidos, estiramientos y t\u00e9cnicas de acupresi\u00f3n<\/li>\n\n\n\n<li>El ambiente ser\u00e1 silencioso, c\u00e1lido y lleno de aromas relajantes<\/li>\n<\/ul>\n\n\n\n<p class=\"has-foreground-color has-text-color has-link-color wp-elements-6d06ac13e00d03903e4a10b589b1871c\" style=\"margin-top:16px\">Es un escape sensorial completo que nutre tanto el cuerpo como el alma.<\/p>\n<\/div>\n<\/div>\n<\/div>\n\n\n\n<div class=\"wp-block-group alignfull has-tertiary-background-color has-background has-global-padding is-layout-constrained wp-container-core-group-is-layout-7276a2bb wp-block-group-is-layout-constrained\" style=\"margin-top:0;margin-bottom:0;padding-top:var(--wp--preset--spacing--60);padding-right:var(--wp--preset--spacing--30);padding-bottom:var(--wp--preset--spacing--60);padding-left:var(--wp--preset--spacing--30)\">\n<div class=\"wp-block-group has-global-padding is-layout-constrained wp-block-group-is-layout-constrained\">\n<h2 class=\"wp-block-heading has-text-align-center has-large-font-size\">Vive la aut\u00e9ntica terapia de masaje tailand\u00e9s<\/h2>\n\n\n\n<p class=\"has-text-align-center\" style=\"margin-top:16px\">Rel\u00e1jate y renueva tu energ\u00eda con masajes tailandeses personalizados, dise\u00f1ados para restaurar el equilibrio y aliviar la tensi\u00f3n. Reserva tu cita hoy y abraza el bienestar y la tranquilidad.<\/p>\n\n\n\n<div class=\"wp-block-buttons is-content-justification-center is-layout-flex wp-container-core-buttons-is-layout-720bcce9 wp-block-buttons-is-layout-flex\">\n<div class=\"wp-block-button is-style-outline is-style-outline--1\"><a class=\"wp-block-button__link wp-element-button\" href=\"http:\/\/manathaimassage.com\/es\/#contact\">Reserva ahora<\/a><\/div>\n\n\n\n<div class=\"wp-block-button\"><a class=\"wp-block-button__link wp-element-button\" href=\"http:\/\/manathaimassage.com\/es\/#services\">Consulta servicios<\/a><\/div>\n<\/div>\n<\/div>\n<\/div>\n\n\n\n<div class=\"wp-block-columns alignwide are-vertically-aligned-center is-layout-flex wp-container-core-columns-is-layout-7fc3d43a wp-block-columns-is-layout-flex\" id=\"contact\">\n<div class=\"wp-block-column is-vertically-aligned-center is-layout-flow wp-block-column-is-layout-flow\" style=\"flex-basis:33.34%\">\n<div class=\"wp-block-group alignwide has-global-padding is-layout-constrained wp-block-group-is-layout-constrained\" style=\"border-radius:20rem\">\n<h2 class=\"wp-block-heading\">Masaje Tailand\u00e9s Aut\u00e9ntico para tu Bienestar<\/h2>\n\n\n\n<div class=\"wp-block-group is-nowrap is-layout-flex wp-container-core-group-is-layout-6c531013 wp-block-group-is-layout-flex\">\n<h2 class=\"wp-block-heading\"><\/h2>\n<\/div>\n<\/div>\n\n\n\n<div class=\"wp-block-group alignwide has-global-padding is-layout-constrained wp-block-group-is-layout-constrained\" style=\"border-radius:20rem\">\n<p><\/p>\n\n\n\n<p style=\"margin-top:0;margin-bottom:0\"><strong>Bulevard Bus, Carrer D&#8217;Higini Angles, 4, LOCAL A14, 43001 Tarragona<\/strong><br><\/p>\n\n\n\n<p class=\"has-small-font-size\" style=\"margin-top:8px\">Reserva por WhatsApp: <br>+34 644 469 931<br><a>+34 678 317 524<\/a><\/p>\n\n\n\n<p class=\"has-small-font-size\" style=\"margin-top:8px\">contact@manathaimassage.com<\/p>\n<\/div>\n<\/div>\n\n\n\n<div class=\"wp-block-column is-vertically-aligned-center is-layout-flow wp-block-column-is-layout-flow\" style=\"flex-basis:33.34%\">\n<figure class=\"wp-block-image size-full has-custom-border extendify-image-import\"><img loading=\"lazy\" decoding=\"async\" width=\"600\" height=\"1067\" src=\"https:\/\/manathaimassage.com\/wp-content\/uploads\/2025\/10\/hand.jpg\" alt=\"\" class=\"wp-image-212\" style=\"border-top-left-radius:10rem;border-top-right-radius:0rem;border-bottom-left-radius:0rem;border-bottom-right-radius:10rem;aspect-ratio:3\/4;object-fit:cover\" srcset=\"https:\/\/manathaimassage.com\/wp-content\/uploads\/2025\/10\/hand.jpg 600w, https:\/\/manathaimassage.com\/wp-content\/uploads\/2025\/10\/hand-169x300.jpg 169w, https:\/\/manathaimassage.com\/wp-content\/uploads\/2025\/10\/hand-576x1024.jpg 576w, https:\/\/manathaimassage.com\/wp-content\/uploads\/2025\/10\/hand-7x12.jpg 7w\" sizes=\"auto, (max-width: 600px) 100vw, 600px\" \/><\/figure>\n<\/div>\n\n\n\n<div class=\"wp-block-column is-vertically-aligned-center is-layout-flow wp-block-column-is-layout-flow\" style=\"flex-basis:33.33%\">\n<iframe src=\"https:\/\/www.google.com\/maps\/embed?pb=!1m18!1m12!1m3!1d3588.9427810249285!2d1.243161276448118!3d41.11730991270348!2m3!1f0!2f0!3f0!3m2!1i1024!2i768!4f13.1!3m3!1m2!1s0x12a3fd5b107c4da9%3A0x45b0432438f3acc7!2sMana%20Thai%20Massage!5e1!3m2!1sen!2ses!4v1759657004534!5m2!1sen!2ses\" width=\"400\" height=\"450\" style=\"border:0;\" allowfullscreen=\"\" loading=\"lazy\" referrerpolicy=\"no-referrer-when-downgrade\"><\/iframe>\n<\/div>\n<\/div>","protected":false},"excerpt":{"rendered":"<p>Thai Oil Massage: A Gentle Fusion of Relaxation and Energy What Is Thai Oil Massage? Thai Oil Massage is a modern evolution of Traditional Thai Massage. It combines the acupressure and rhythmic movements of Thai massage with long, flowing strokes using warm oils \u2013 creating a gentler and more relaxing experience. It\u2019s performed on a [&hellip;]<\/p>\n","protected":false},"author":1,"featured_media":0,"parent":0,"menu_order":0,"comment_status":"closed","ping_status":"closed","template":"page-with-title","meta":{"om_disable_all_campaigns":false,"pagelayer_contact_templates":[],"_pagelayer_content":"","_monsterinsights_skip_tracking":false,"_monsterinsights_sitenote_active":false,"_monsterinsights_sitenote_note":"","_monsterinsights_sitenote_category":0,"footnotes":""},"class_list":["post-153","page","type-page","status-publish","hentry"],"aioseo_notices":[],"_links":{"self":[{"href":"https:\/\/manathaimassage.com\/es\/wp-json\/wp\/v2\/pages\/153","targetHints":{"allow":["GET"]}}],"collection":[{"href":"https:\/\/manathaimassage.com\/es\/wp-json\/wp\/v2\/pages"}],"about":[{"href":"https:\/\/manathaimassage.com\/es\/wp-json\/wp\/v2\/types\/page"}],"author":[{"embeddable":true,"href":"https:\/\/manathaimassage.com\/es\/wp-json\/wp\/v2\/users\/1"}],"replies":[{"embeddable":true,"href":"https:\/\/manathaimassage.com\/es\/wp-json\/wp\/v2\/comments?post=153"}],"version-history":[{"count":8,"href":"https:\/\/manathaimassage.com\/es\/wp-json\/wp\/v2\/pages\/153\/revisions"}],"predecessor-version":[{"id":366,"href":"https:\/\/manathaimassage.com\/es\/wp-json\/wp\/v2\/pages\/153\/revisions\/366"}],"wp:attachment":[{"href":"https:\/\/manathaimassage.com\/es\/wp-json\/wp\/v2\/media?parent=153"}],"curies":[{"name":"wp","href":"https:\/\/api.w.org\/{rel}","templated":true}]}}