{"id":143,"date":"2025-07-10T23:28:32","date_gmt":"2025-07-10T23:28:32","guid":{"rendered":"https:\/\/manathaimassage.com\/?page_id=143"},"modified":"2026-02-25T16:02:42","modified_gmt":"2026-02-25T16:02:42","slug":"traditional-thai-massage-ancient-healing-for-modern-life","status":"publish","type":"page","link":"https:\/\/manathaimassage.com\/es\/traditional-thai-massage-ancient-healing-for-modern-life\/","title":{"rendered":"Masaje Tradicional Tailand\u00e9s: Sanaci\u00f3n Ancestral para la Vida Moderna"},"content":{"rendered":"<div class=\"wp-block-group alignfull has-tertiary-background-color has-background has-global-padding is-layout-constrained wp-container-core-group-is-layout-7276a2bb wp-block-group-is-layout-constrained\" id=\"about\" style=\"margin-top:0;margin-bottom:0;padding-top:var(--wp--preset--spacing--60);padding-right:var(--wp--preset--spacing--30);padding-bottom:var(--wp--preset--spacing--60);padding-left:var(--wp--preset--spacing--30)\">\n<div class=\"wp-block-columns alignwide are-vertically-aligned-center is-layout-flex wp-container-core-columns-is-layout-47c06fe3 wp-block-columns-is-layout-flex\">\n<div class=\"wp-block-column is-vertically-aligned-center is-layout-flow wp-container-core-column-is-layout-f5bb311e wp-block-column-is-layout-flow\" style=\"flex-basis:50%\">\n<div class=\"wp-block-group has-global-padding is-layout-constrained wp-container-core-group-is-layout-279e0ccb wp-block-group-is-layout-constrained\">\n<figure class=\"wp-block-image size-full has-custom-border extendify-image-import is-style-default\"><img loading=\"lazy\" decoding=\"async\" width=\"1000\" height=\"1000\" src=\"http:\/\/manathaimassage.com\/wp-content\/uploads\/2025\/10\/Thai-Massage.jpg\" alt=\"\" class=\"wp-image-191\" style=\"border-radius:20rem;aspect-ratio:3\/4;object-fit:cover\" srcset=\"https:\/\/manathaimassage.com\/wp-content\/uploads\/2025\/10\/Thai-Massage.jpg 1000w, https:\/\/manathaimassage.com\/wp-content\/uploads\/2025\/10\/Thai-Massage-300x300.jpg 300w, https:\/\/manathaimassage.com\/wp-content\/uploads\/2025\/10\/Thai-Massage-150x150.jpg 150w, https:\/\/manathaimassage.com\/wp-content\/uploads\/2025\/10\/Thai-Massage-768x768.jpg 768w, https:\/\/manathaimassage.com\/wp-content\/uploads\/2025\/10\/Thai-Massage-12x12.jpg 12w\" sizes=\"auto, (max-width: 1000px) 100vw, 1000px\" \/><\/figure>\n<\/div>\n<\/div>\n\n\n\n<div class=\"wp-block-column is-vertically-aligned-center is-layout-flow wp-block-column-is-layout-flow\" style=\"flex-basis:60%\">\n<h2 class=\"wp-block-heading has-foreground-color has-text-color has-link-color has-large-font-size wp-elements-d2f044aff89cd809b7499a0627eef11b\">Masaje Tradicional Tailand\u00e9s: Sanaci\u00f3n Ancestral para la Vida Moderna<\/h2>\n\n\n\n<p class=\"has-foreground-color has-text-color has-link-color wp-elements-45bca6113a67efefa40a74230a91944c\" style=\"margin-top:16px\"><strong>Descubre el poder del contacto, el movimiento y el equilibrio con el Masaje Tradicional Tailand\u00e9s \u2013 una terapia milenaria que sigue transformando cuerpos y mentes.<\/strong><br><\/p>\n\n\n\n<h3 class=\"wp-block-heading\">\u00bfQu\u00e9 es el Masaje Tradicional Tailand\u00e9s?<\/h3>\n\n\n\n<p class=\"has-foreground-color has-text-color has-link-color wp-elements-9a41602f22d8d658e58f83793a57c2ad translation-block\" style=\"margin-top:16px\">El Masaje Tradicional Tailand\u00e9s (Nuad Thai) es una terapia hol\u00edstica que naci\u00f3 en Tailandia hace m\u00e1s de 2.500 a\u00f1os. A diferencia del masaje occidental, se realiza en una colchoneta en el suelo y el cliente permanece completamente vestido con ropa c\u00f3moda.<\/p>\n\n\n\n<p class=\"has-foreground-color has-text-color has-link-color wp-elements-b891850ca4414096866e5c3be38105b0\" style=\"margin-top:16px\">No se utilizan aceites ni cremas. En su lugar, se combinan:<\/p>\n\n\n\n<ul class=\"wp-block-list\">\n<li><strong>Estiramientos suaves<\/strong><\/li>\n\n\n\n<li><strong>Presi\u00f3n r\u00edtmica<\/strong><\/li>\n\n\n\n<li><strong>Movilizaci\u00f3n articular<\/strong><\/li>\n\n\n\n<li><strong>Trabajo en puntos de acupresi\u00f3n<\/strong><\/li>\n<\/ul>\n\n\n\n<p class=\"has-foreground-color has-text-color has-link-color wp-elements-e280b99a8fdf8a12ca59c7fc33ce40c7\" style=\"margin-top:16px\">Es como una mezcla entre yoga pasivo, shiatsu y meditaci\u00f3n, todo guiado por las manos expertas del terapeuta.<\/p>\n\n\n\n<hr class=\"wp-block-separator has-alpha-channel-opacity\"\/>\n\n\n\n<h3 class=\"wp-block-heading\">\u00bfEs Adecuado Para M\u00ed?<\/h3>\n\n\n\n<p>El Masaje Tradicional Tailand\u00e9s es seguro para la mayor\u00eda de las personas. Pero si tienes condiciones m\u00e9dicas espec\u00edficas (como cirug\u00edas recientes, fracturas o embarazo), consulta con tu m\u00e9dico y avisa siempre al terapeuta antes de la sesi\u00f3n.<\/p>\n\n\n\n<hr class=\"wp-block-separator has-alpha-channel-opacity\"\/>\n\n\n\n<h3 class=\"wp-block-heading\">Beneficios del Masaje Tradicional Tailand\u00e9s<\/h3>\n\n\n\n<p>El Masaje Tailand\u00e9s no solo relaja \u2013 tambi\u00e9n promueve una sanaci\u00f3n profunda en cuerpo y mente. Entre sus beneficios destacan:<\/p>\n\n\n\n<ul class=\"wp-block-list\">\n<li>Mejora la flexibilidad y la postura<\/li>\n\n\n\n<li>Alivia tensiones y contracturas musculares<\/li>\n\n\n\n<li>Estimula la circulaci\u00f3n sangu\u00ednea y linf\u00e1tica<\/li>\n\n\n\n<li>Reduce el estr\u00e9s, la ansiedad y el cansancio<\/li>\n\n\n\n<li>Aporta energ\u00eda y equilibrio interior<\/li>\n<\/ul>\n\n\n\n<p>Ideal para deportistas, turistas cansados o cualquier persona que necesite reconectar consigo misma.<\/p>\n\n\n\n<hr class=\"wp-block-separator has-alpha-channel-opacity\"\/>\n\n\n\n<h3 class=\"wp-block-heading\">\u00bfQu\u00e9 Puedes Esperar en la Sesi\u00f3n?<\/h3>\n\n\n\n<p>Una sesi\u00f3n t\u00edpica dura entre 60 y 90 minutos. Te tumbas sobre una colchoneta y el terapeuta utiliza manos, codos, rodillas e incluso pies para estirar tu cuerpo y aplicar presi\u00f3n en puntos clave.<\/p>\n\n\n\n<p class=\"translation-block\">No se usan aceites, no necesitas desvestirte \u2013 solo relajarte y dejar que el cuerpo libere tensiones.<\/p>\n\n\n\n<p>Algunas zonas pueden sentirse intensas si hay mucha rigidez, pero el alivio que se consigue es profundo y duradero.<\/p>\n<\/div>\n<\/div>\n<\/div>\n\n\n\n<div class=\"wp-block-group alignfull has-tertiary-background-color has-background has-global-padding is-layout-constrained wp-container-core-group-is-layout-7276a2bb wp-block-group-is-layout-constrained\" style=\"margin-top:0;margin-bottom:0;padding-top:var(--wp--preset--spacing--60);padding-right:var(--wp--preset--spacing--30);padding-bottom:var(--wp--preset--spacing--60);padding-left:var(--wp--preset--spacing--30)\">\n<div class=\"wp-block-group has-global-padding is-layout-constrained wp-block-group-is-layout-constrained\">\n<h2 class=\"wp-block-heading has-text-align-center has-large-font-size\">Vive la aut\u00e9ntica terapia de masaje tailand\u00e9s<\/h2>\n\n\n\n<p class=\"has-text-align-center\" style=\"margin-top:16px\">Rel\u00e1jate y renueva tu energ\u00eda con masajes tailandeses personalizados, dise\u00f1ados para restaurar el equilibrio y aliviar la tensi\u00f3n. Reserva tu cita hoy y abraza el bienestar y la tranquilidad.<\/p>\n\n\n\n<div class=\"wp-block-buttons is-content-justification-center is-layout-flex wp-container-core-buttons-is-layout-720bcce9 wp-block-buttons-is-layout-flex\">\n<div class=\"wp-block-button is-style-outline is-style-outline--1\"><a class=\"wp-block-button__link wp-element-button\" href=\"http:\/\/manathaimassage.com\/es\/#contact\">Reserva ahora<\/a><\/div>\n\n\n\n<div class=\"wp-block-button\"><a class=\"wp-block-button__link wp-element-button\" href=\"http:\/\/manathaimassage.com\/es\/#services\">Consulta servicios<\/a><\/div>\n<\/div>\n<\/div>\n<\/div>\n\n\n\n\n\n<div class=\"wp-block-columns alignwide are-vertically-aligned-center is-layout-flex wp-container-core-columns-is-layout-7fc3d43a wp-block-columns-is-layout-flex\" id=\"contact\">\n<div class=\"wp-block-column is-vertically-aligned-center is-layout-flow wp-block-column-is-layout-flow\" style=\"flex-basis:33.34%\">\n<div class=\"wp-block-group alignwide has-global-padding is-layout-constrained wp-block-group-is-layout-constrained\" style=\"border-radius:20rem\">\n<h2 class=\"wp-block-heading\">Masaje Tailand\u00e9s Aut\u00e9ntico para tu Bienestar<\/h2>\n\n\n\n<div class=\"wp-block-group is-nowrap is-layout-flex wp-container-core-group-is-layout-6c531013 wp-block-group-is-layout-flex\">\n<h2 class=\"wp-block-heading\"><\/h2>\n<\/div>\n<\/div>\n\n\n\n<div class=\"wp-block-group alignwide has-global-padding is-layout-constrained wp-block-group-is-layout-constrained\" style=\"border-radius:20rem\">\n<p><\/p>\n\n\n\n<p style=\"margin-top:0;margin-bottom:0\"><strong>Bulevard Bus, Carrer D&#8217;Higini Angles, 4, LOCAL A14, 43001 Tarragona<\/strong><br><\/p>\n\n\n\n<p class=\"has-small-font-size\" style=\"margin-top:8px\">Reserva por WhatsApp: <br>+34 644 469 931<br><a>+34 678 317 524<\/a><\/p>\n\n\n\n<p class=\"has-small-font-size\" style=\"margin-top:8px\">contact@manathaimassage.com<\/p>\n<\/div>\n<\/div>\n\n\n\n<div class=\"wp-block-column is-vertically-aligned-center is-layout-flow wp-block-column-is-layout-flow\" style=\"flex-basis:33.34%\">\n<figure class=\"wp-block-image size-full has-custom-border extendify-image-import\"><img loading=\"lazy\" decoding=\"async\" width=\"600\" height=\"1067\" src=\"https:\/\/manathaimassage.com\/wp-content\/uploads\/2025\/10\/hand.jpg\" alt=\"\" class=\"wp-image-212\" style=\"border-top-left-radius:10rem;border-top-right-radius:0rem;border-bottom-left-radius:0rem;border-bottom-right-radius:10rem;aspect-ratio:3\/4;object-fit:cover\" srcset=\"https:\/\/manathaimassage.com\/wp-content\/uploads\/2025\/10\/hand.jpg 600w, https:\/\/manathaimassage.com\/wp-content\/uploads\/2025\/10\/hand-169x300.jpg 169w, https:\/\/manathaimassage.com\/wp-content\/uploads\/2025\/10\/hand-576x1024.jpg 576w, https:\/\/manathaimassage.com\/wp-content\/uploads\/2025\/10\/hand-7x12.jpg 7w\" sizes=\"auto, (max-width: 600px) 100vw, 600px\" \/><\/figure>\n<\/div>\n\n\n\n<div class=\"wp-block-column is-vertically-aligned-center is-layout-flow wp-block-column-is-layout-flow\" style=\"flex-basis:33.33%\">\n<iframe src=\"https:\/\/www.google.com\/maps\/embed?pb=!1m18!1m12!1m3!1d3588.9427810249285!2d1.243161276448118!3d41.11730991270348!2m3!1f0!2f0!3f0!3m2!1i1024!2i768!4f13.1!3m3!1m2!1s0x12a3fd5b107c4da9%3A0x45b0432438f3acc7!2sMana%20Thai%20Massage!5e1!3m2!1sen!2ses!4v1759657004534!5m2!1sen!2ses\" width=\"400\" height=\"450\" style=\"border:0;\" allowfullscreen=\"\" loading=\"lazy\" referrerpolicy=\"no-referrer-when-downgrade\"><\/iframe>\n<\/div>\n<\/div>\n\n\n\n<p><\/p>","protected":false},"excerpt":{"rendered":"<p>Traditional Thai Massage: Ancient Healing for Modern Life Discover the power of touch, movement, and balance with Traditional Thai Massage \u2013 a therapy rooted in centuries of wisdom. What Is Traditional Thai Massage? Traditional Thai Massage (Nuad Thai) is a holistic therapy developed over 2,500 years ago in Thailand. Unlike Western-style massages, it\u2019s performed on [&hellip;]<\/p>\n","protected":false},"author":1,"featured_media":0,"parent":0,"menu_order":0,"comment_status":"closed","ping_status":"closed","template":"no-title-sticky-header","meta":{"om_disable_all_campaigns":false,"pagelayer_contact_templates":[],"_pagelayer_content":"","_monsterinsights_skip_tracking":false,"_monsterinsights_sitenote_active":false,"_monsterinsights_sitenote_note":"","_monsterinsights_sitenote_category":0,"footnotes":""},"class_list":["post-143","page","type-page","status-publish","hentry"],"aioseo_notices":[],"_links":{"self":[{"href":"https:\/\/manathaimassage.com\/es\/wp-json\/wp\/v2\/pages\/143","targetHints":{"allow":["GET"]}}],"collection":[{"href":"https:\/\/manathaimassage.com\/es\/wp-json\/wp\/v2\/pages"}],"about":[{"href":"https:\/\/manathaimassage.com\/es\/wp-json\/wp\/v2\/types\/page"}],"author":[{"embeddable":true,"href":"https:\/\/manathaimassage.com\/es\/wp-json\/wp\/v2\/users\/1"}],"replies":[{"embeddable":true,"href":"https:\/\/manathaimassage.com\/es\/wp-json\/wp\/v2\/comments?post=143"}],"version-history":[{"count":8,"href":"https:\/\/manathaimassage.com\/es\/wp-json\/wp\/v2\/pages\/143\/revisions"}],"predecessor-version":[{"id":370,"href":"https:\/\/manathaimassage.com\/es\/wp-json\/wp\/v2\/pages\/143\/revisions\/370"}],"wp:attachment":[{"href":"https:\/\/manathaimassage.com\/es\/wp-json\/wp\/v2\/media?parent=143"}],"curies":[{"name":"wp","href":"https:\/\/api.w.org\/{rel}","templated":true}]}}