{"id":126,"date":"2025-07-10T22:35:18","date_gmt":"2025-07-10T22:35:18","guid":{"rendered":"https:\/\/manathaimassage.com\/?page_id=126"},"modified":"2026-02-25T16:01:19","modified_gmt":"2026-02-25T16:01:19","slug":"sports-massage-power-recovery-for-active-bodies","status":"publish","type":"page","link":"https:\/\/manathaimassage.com\/es\/sports-massage-power-recovery-for-active-bodies\/","title":{"rendered":"Masaje Deportivo: Recuperaci\u00f3n y Rendimiento para Cuerpos Activos"},"content":{"rendered":"<div class=\"wp-block-group alignfull has-tertiary-background-color has-background has-global-padding is-layout-constrained wp-container-core-group-is-layout-7276a2bb wp-block-group-is-layout-constrained\" id=\"about\" style=\"margin-top:0;margin-bottom:0;padding-top:var(--wp--preset--spacing--60);padding-right:var(--wp--preset--spacing--30);padding-bottom:var(--wp--preset--spacing--60);padding-left:var(--wp--preset--spacing--30)\">\n<div class=\"wp-block-columns alignwide are-vertically-aligned-center is-layout-flex wp-container-core-columns-is-layout-47c06fe3 wp-block-columns-is-layout-flex\">\n<div class=\"wp-block-column is-vertically-aligned-center is-layout-flow wp-container-core-column-is-layout-f5bb311e wp-block-column-is-layout-flow\" style=\"flex-basis:50%\">\n<div class=\"wp-block-group has-global-padding is-layout-constrained wp-container-core-group-is-layout-279e0ccb wp-block-group-is-layout-constrained\">\n<figure class=\"wp-block-image size-full has-custom-border extendify-image-import is-style-default\"><img loading=\"lazy\" decoding=\"async\" width=\"1000\" height=\"1000\" src=\"http:\/\/manathaimassage.com\/wp-content\/uploads\/2025\/10\/sport-massage.jpg\" alt=\"\" class=\"wp-image-195\" style=\"border-radius:20rem;aspect-ratio:3\/4;object-fit:cover\" srcset=\"https:\/\/manathaimassage.com\/wp-content\/uploads\/2025\/10\/sport-massage.jpg 1000w, https:\/\/manathaimassage.com\/wp-content\/uploads\/2025\/10\/sport-massage-300x300.jpg 300w, https:\/\/manathaimassage.com\/wp-content\/uploads\/2025\/10\/sport-massage-150x150.jpg 150w, https:\/\/manathaimassage.com\/wp-content\/uploads\/2025\/10\/sport-massage-768x768.jpg 768w, https:\/\/manathaimassage.com\/wp-content\/uploads\/2025\/10\/sport-massage-12x12.jpg 12w\" sizes=\"auto, (max-width: 1000px) 100vw, 1000px\" \/><\/figure>\n<\/div>\n<\/div>\n\n\n\n<div class=\"wp-block-column is-vertically-aligned-center is-layout-flow wp-block-column-is-layout-flow\" style=\"flex-basis:60%\">\n<h2 class=\"wp-block-heading has-foreground-color has-text-color has-link-color has-large-font-size wp-elements-a775745b9c5532c49684a51430df2833\">Masaje Deportivo: Recuperaci\u00f3n y Rendimiento para Cuerpos Activos<\/h2>\n\n\n\n<p class=\"has-foreground-color has-text-color has-link-color wp-elements-546f88a5b666a095171d1a2ca5d414a4 translation-block\" style=\"margin-top:16px\">Ya seas un atleta profesional, un aficionado de fin de semana o simplemente lleves un estilo de vida activo, el masaje deportivo puede marcar la diferencia en tu rendimiento y recuperaci\u00f3n.<\/p>\n\n\n\n<p class=\"has-foreground-color has-text-color has-link-color wp-elements-08bb848264c9fb131c9e780ef9553c58\" style=\"margin-top:16px\">Combina t\u00e9cnicas de tejido profundo, estiramientos asistidos y presi\u00f3n espec\u00edfica para ayudarte a mantener el cuerpo flexible, fuerte y libre de lesiones.<br><\/p>\n\n\n\n<h3 class=\"wp-block-heading\">\u00bfQu\u00e9 es el Masaje Deportivo?<\/h3>\n\n\n\n<p class=\"has-foreground-color has-text-color has-link-color wp-elements-5a2a353a3c34728a6187645ebd4662d6 translation-block\" style=\"margin-top:16px\">El Masaje Deportivo es un tratamiento terap\u00e9utico que se centra en prevenir lesiones, mejorar el rendimiento y acelerar la recuperaci\u00f3n muscular.<\/p>\n\n\n\n<p class=\"has-foreground-color has-text-color has-link-color wp-elements-02be8748d379b5f55a4b4740b30a6281\" style=\"margin-top:16px\">Es m\u00e1s intenso que un masaje relajante. Trabaja sobre m\u00fasculos, tendones y fascias para liberar tensiones profundas y mejorar la movilidad.<\/p>\n\n\n\n<hr class=\"wp-block-separator has-alpha-channel-opacity\"\/>\n\n\n\n<h3 class=\"wp-block-heading\">Ideal Para:<\/h3>\n\n\n\n<ul class=\"wp-block-list\">\n<li>Corredores, ciclistas, nadadores, usuarios de gimnasio<\/li>\n\n\n\n<li>Personas recuper\u00e1ndose de entrenamientos intensos<\/li>\n\n\n\n<li>Quienes sufren contracturas cr\u00f3nicas o malas posturas<\/li>\n<\/ul>\n\n\n\n<hr class=\"wp-block-separator has-alpha-channel-opacity\"\/>\n\n\n\n<h3 class=\"wp-block-heading\">Beneficios del Masaje Deportivo<\/h3>\n\n\n\n<ul class=\"wp-block-list\">\n<li>Reduces muscle soreness and stiffness<\/li>\n\n\n\n<li>Mejora la flexibilidad y el rango de movimiento articular<\/li>\n\n\n\n<li>Ayuda a prevenir lesiones deportivas<\/li>\n\n\n\n<li>Acelera la recuperaci\u00f3n tras el ejercicio<\/li>\n\n\n\n<li>Disminuye el estr\u00e9s f\u00edsico y mental antes de competiciones<\/li>\n<\/ul>\n\n\n\n<p>Ideal para cualquier etapa del entrenamiento: antes, despu\u00e9s o durante el proceso de recuperaci\u00f3n.<\/p>\n\n\n\n<hr class=\"wp-block-separator has-alpha-channel-opacity\"\/>\n\n\n\n<h3 class=\"wp-block-heading\">\u00bfQu\u00e9 Puedes Esperar en la Sesi\u00f3n?<\/h3>\n\n\n\n<p>Adaptamos la intensidad seg\u00fan lo que tu cuerpo necesite.<\/p>\n\n\n\n<p class=\"translation-block\">El terapeuta se enfocar\u00e1 en las zonas de tensi\u00f3n espec\u00edficas seg\u00fan tu actividad o deporte. Las sesiones pueden incluir:<\/p>\n\n\n\n<ul class=\"wp-block-list\">\n<li>Masaje profundo de tejidos<\/li>\n\n\n\n<li>T\u00e9cnicas de estiramiento<\/li>\n\n\n\n<li>Liberaci\u00f3n miofascial<\/li>\n\n\n\n<li>Terapia de puntos gatillo<\/li>\n\n\n\n<li>Movimientos articulares pasivos<br><\/li>\n<\/ul>\n<\/div>\n<\/div>\n<\/div>\n\n\n\n<div class=\"wp-block-group alignfull has-tertiary-background-color has-background has-global-padding is-layout-constrained wp-container-core-group-is-layout-7276a2bb wp-block-group-is-layout-constrained\" style=\"margin-top:0;margin-bottom:0;padding-top:var(--wp--preset--spacing--60);padding-right:var(--wp--preset--spacing--30);padding-bottom:var(--wp--preset--spacing--60);padding-left:var(--wp--preset--spacing--30)\">\n<div class=\"wp-block-group has-global-padding is-layout-constrained wp-block-group-is-layout-constrained\">\n<h2 class=\"wp-block-heading has-text-align-center has-large-font-size\">Vive la aut\u00e9ntica terapia de masaje tailand\u00e9s<\/h2>\n\n\n\n<p class=\"has-text-align-center\" style=\"margin-top:16px\">Rel\u00e1jate y renueva tu energ\u00eda con masajes tailandeses personalizados, dise\u00f1ados para restaurar el equilibrio y aliviar la tensi\u00f3n. Reserva tu cita hoy y abraza el bienestar y la tranquilidad.<\/p>\n\n\n\n<div class=\"wp-block-buttons is-content-justification-center is-layout-flex wp-container-core-buttons-is-layout-720bcce9 wp-block-buttons-is-layout-flex\">\n<div class=\"wp-block-button is-style-outline is-style-outline--1\"><a class=\"wp-block-button__link wp-element-button\" href=\"http:\/\/manathaimassage.com\/es\/#contact\">Reserva ahora<\/a><\/div>\n\n\n\n<div class=\"wp-block-button\"><a class=\"wp-block-button__link wp-element-button\" href=\"http:\/\/manathaimassage.com\/es\/#services\">Consulta servicios<\/a><\/div>\n<\/div>\n<\/div>\n<\/div>\n\n\n\n<div class=\"wp-block-columns alignwide are-vertically-aligned-center is-layout-flex wp-container-core-columns-is-layout-7fc3d43a wp-block-columns-is-layout-flex\" id=\"contact\">\n<div class=\"wp-block-column is-vertically-aligned-center is-layout-flow wp-block-column-is-layout-flow\" style=\"flex-basis:33.34%\">\n<div class=\"wp-block-group alignwide has-global-padding is-layout-constrained wp-block-group-is-layout-constrained\" style=\"border-radius:20rem\">\n<h2 class=\"wp-block-heading\">Masaje Tailand\u00e9s Aut\u00e9ntico para tu Bienestar<\/h2>\n\n\n\n<div class=\"wp-block-group is-nowrap is-layout-flex wp-container-core-group-is-layout-6c531013 wp-block-group-is-layout-flex\">\n<h2 class=\"wp-block-heading\"><\/h2>\n<\/div>\n<\/div>\n\n\n\n<div class=\"wp-block-group alignwide has-global-padding is-layout-constrained wp-block-group-is-layout-constrained\" style=\"border-radius:20rem\">\n<p><\/p>\n\n\n\n<p style=\"margin-top:0;margin-bottom:0\"><strong>Bulevard Bus, Carrer D&#8217;Higini Angles, 4, LOCAL A14, 43001 Tarragona<\/strong><br><\/p>\n\n\n\n<p class=\"has-small-font-size\" style=\"margin-top:8px\">Reserva por WhatsApp: <br>+34 644 469 931<br><a>+34 678 317 524<\/a><\/p>\n\n\n\n<p class=\"has-small-font-size\" style=\"margin-top:8px\">contact@manathaimassage.com<\/p>\n<\/div>\n<\/div>\n\n\n\n<div class=\"wp-block-column is-vertically-aligned-center is-layout-flow wp-block-column-is-layout-flow\" style=\"flex-basis:33.34%\">\n<figure class=\"wp-block-image size-full has-custom-border extendify-image-import\"><img loading=\"lazy\" decoding=\"async\" width=\"600\" height=\"1067\" src=\"https:\/\/manathaimassage.com\/wp-content\/uploads\/2025\/10\/hand.jpg\" alt=\"\" class=\"wp-image-212\" style=\"border-top-left-radius:10rem;border-top-right-radius:0rem;border-bottom-left-radius:0rem;border-bottom-right-radius:10rem;aspect-ratio:3\/4;object-fit:cover\" srcset=\"https:\/\/manathaimassage.com\/wp-content\/uploads\/2025\/10\/hand.jpg 600w, https:\/\/manathaimassage.com\/wp-content\/uploads\/2025\/10\/hand-169x300.jpg 169w, https:\/\/manathaimassage.com\/wp-content\/uploads\/2025\/10\/hand-576x1024.jpg 576w, https:\/\/manathaimassage.com\/wp-content\/uploads\/2025\/10\/hand-7x12.jpg 7w\" sizes=\"auto, (max-width: 600px) 100vw, 600px\" \/><\/figure>\n<\/div>\n\n\n\n<div class=\"wp-block-column is-vertically-aligned-center is-layout-flow wp-block-column-is-layout-flow\" style=\"flex-basis:33.33%\">\n<iframe src=\"https:\/\/www.google.com\/maps\/embed?pb=!1m18!1m12!1m3!1d3588.9427810249285!2d1.243161276448118!3d41.11730991270348!2m3!1f0!2f0!3f0!3m2!1i1024!2i768!4f13.1!3m3!1m2!1s0x12a3fd5b107c4da9%3A0x45b0432438f3acc7!2sMana%20Thai%20Massage!5e1!3m2!1sen!2ses!4v1759657004534!5m2!1sen!2ses\" width=\"400\" height=\"450\" style=\"border:0;\" allowfullscreen=\"\" loading=\"lazy\" referrerpolicy=\"no-referrer-when-downgrade\"><\/iframe>\n<\/div>\n<\/div>","protected":false},"excerpt":{"rendered":"<p>Sports Massage: Power Recovery for Active Bodies Whether you\u2019re a professional athlete, a weekend warrior, or simply lead an active lifestyle,&nbsp;Sports Massage&nbsp;can be a game-changer for your body\u2019s performance and recovery. It combines deep tissue techniques, assisted stretches, and targeted pressure to help your body stay flexible, strong, and injury-free. What Is Sports Massage? Sports [&hellip;]<\/p>\n","protected":false},"author":1,"featured_media":0,"parent":0,"menu_order":0,"comment_status":"closed","ping_status":"closed","template":"no-title-sticky-header","meta":{"om_disable_all_campaigns":false,"pagelayer_contact_templates":[],"_pagelayer_content":"","_monsterinsights_skip_tracking":false,"_monsterinsights_sitenote_active":false,"_monsterinsights_sitenote_note":"","_monsterinsights_sitenote_category":0,"footnotes":""},"class_list":["post-126","page","type-page","status-publish","hentry"],"aioseo_notices":[],"_links":{"self":[{"href":"https:\/\/manathaimassage.com\/es\/wp-json\/wp\/v2\/pages\/126","targetHints":{"allow":["GET"]}}],"collection":[{"href":"https:\/\/manathaimassage.com\/es\/wp-json\/wp\/v2\/pages"}],"about":[{"href":"https:\/\/manathaimassage.com\/es\/wp-json\/wp\/v2\/types\/page"}],"author":[{"embeddable":true,"href":"https:\/\/manathaimassage.com\/es\/wp-json\/wp\/v2\/users\/1"}],"replies":[{"embeddable":true,"href":"https:\/\/manathaimassage.com\/es\/wp-json\/wp\/v2\/comments?post=126"}],"version-history":[{"count":14,"href":"https:\/\/manathaimassage.com\/es\/wp-json\/wp\/v2\/pages\/126\/revisions"}],"predecessor-version":[{"id":367,"href":"https:\/\/manathaimassage.com\/es\/wp-json\/wp\/v2\/pages\/126\/revisions\/367"}],"wp:attachment":[{"href":"https:\/\/manathaimassage.com\/es\/wp-json\/wp\/v2\/media?parent=126"}],"curies":[{"name":"wp","href":"https:\/\/api.w.org\/{rel}","templated":true}]}}