{"id":124,"date":"2025-07-10T22:17:40","date_gmt":"2025-07-10T22:17:40","guid":{"rendered":"https:\/\/manathaimassage.com\/?page_id=124"},"modified":"2026-02-25T16:02:27","modified_gmt":"2026-02-25T16:02:27","slug":"foot-massage-step-into-relaxation-and-wellness","status":"publish","type":"page","link":"https:\/\/manathaimassage.com\/es\/foot-massage-step-into-relaxation-and-wellness\/","title":{"rendered":"Masaje de Pies: Camina Hacia la Relajaci\u00f3n y el Bienestar"},"content":{"rendered":"<div class=\"wp-block-group alignfull has-tertiary-background-color has-background has-global-padding is-layout-constrained wp-container-core-group-is-layout-7276a2bb wp-block-group-is-layout-constrained\" id=\"about\" style=\"margin-top:0;margin-bottom:0;padding-top:var(--wp--preset--spacing--60);padding-right:var(--wp--preset--spacing--30);padding-bottom:var(--wp--preset--spacing--60);padding-left:var(--wp--preset--spacing--30)\">\n<div class=\"wp-block-columns alignwide are-vertically-aligned-center is-layout-flex wp-container-core-columns-is-layout-47c06fe3 wp-block-columns-is-layout-flex\">\n<div class=\"wp-block-column is-vertically-aligned-center is-layout-flow wp-container-core-column-is-layout-f5bb311e wp-block-column-is-layout-flow\" style=\"flex-basis:50%\">\n<div class=\"wp-block-group has-global-padding is-layout-constrained wp-container-core-group-is-layout-279e0ccb wp-block-group-is-layout-constrained\">\n<figure class=\"wp-block-image size-full has-custom-border extendify-image-import is-style-default\"><img loading=\"lazy\" decoding=\"async\" width=\"1000\" height=\"1000\" src=\"http:\/\/manathaimassage.com\/wp-content\/uploads\/2025\/10\/foot-massage.jpg\" alt=\"\" class=\"wp-image-192\" style=\"border-radius:20rem;aspect-ratio:3\/4;object-fit:cover\" srcset=\"https:\/\/manathaimassage.com\/wp-content\/uploads\/2025\/10\/foot-massage.jpg 1000w, https:\/\/manathaimassage.com\/wp-content\/uploads\/2025\/10\/foot-massage-300x300.jpg 300w, https:\/\/manathaimassage.com\/wp-content\/uploads\/2025\/10\/foot-massage-150x150.jpg 150w, https:\/\/manathaimassage.com\/wp-content\/uploads\/2025\/10\/foot-massage-768x768.jpg 768w, https:\/\/manathaimassage.com\/wp-content\/uploads\/2025\/10\/foot-massage-12x12.jpg 12w\" sizes=\"auto, (max-width: 1000px) 100vw, 1000px\" \/><\/figure>\n<\/div>\n<\/div>\n\n\n\n<div class=\"wp-block-column is-vertically-aligned-center is-layout-flow wp-block-column-is-layout-flow\" style=\"flex-basis:60%\">\n<h2 class=\"wp-block-heading has-foreground-color has-text-color has-link-color has-large-font-size wp-elements-c7cc4cec60644ac186c8642e7fe9b2c0\">Masaje de Pies: Camina Hacia la Relajaci\u00f3n y el Bienestar<\/h2>\n\n\n\n<p class=\"has-foreground-color has-text-color has-link-color wp-elements-f5650ccfab159edebf67d4aaf172cfce translation-block\" style=\"margin-top:16px\">Tus pies te acompa\u00f1an en cada paso de la vida \u2014 \u00bfpor qu\u00e9 no cuidarlos como se merecen?\nMasaje de Pies se enfoca en aliviar la fatiga, mejorar la circulaci\u00f3n y liberar tensiones que afectan a todo el cuerpo.<\/p>\n\n\n\n<h3 class=\"wp-block-heading\">\u00bfQu\u00e9 es un Masaje de Pies?<\/h3>\n\n\n\n<p class=\"has-foreground-color has-text-color has-link-color wp-elements-4309c9b49e055013129c8501ebbc1a2a\" style=\"margin-top:16px\">El masaje de pies trabaja m\u00fasculos, articulaciones y puntos de presi\u00f3n mediante t\u00e9cnicas como amasamiento, presi\u00f3n con el pulgar y estiramientos suaves.<\/p>\n\n\n\n<p class=\"has-foreground-color has-text-color has-link-color wp-elements-973f72c73cd6aa0dbe1ad46130670811 translation-block\" style=\"margin-top:16px\">Suele incluir elementos de reflexolog\u00eda, una t\u00e9cnica tradicional que estimula \u00f3rganos y mejora la salud al trabajar puntos espec\u00edficos en los pies.<\/p>\n\n\n\n<hr class=\"wp-block-separator has-alpha-channel-opacity\"\/>\n\n\n\n<h3 class=\"wp-block-heading\">Ideal Para:<\/h3>\n\n\n\n<ul class=\"wp-block-list\">\n<li>Personas que est\u00e1n mucho tiempo de pie<\/li>\n\n\n\n<li>Deportistas en proceso de recuperaci\u00f3n<\/li>\n\n\n\n<li>Quienes tienen molestias o inflamaci\u00f3n en los pies<\/li>\n\n\n\n<li>Cualquiera que busque relajaci\u00f3n profunda<\/li>\n<\/ul>\n\n\n\n<hr class=\"wp-block-separator has-alpha-channel-opacity\"\/>\n\n\n\n<h3 class=\"wp-block-heading\">Beneficios del Masaje de Pies<\/h3>\n\n\n\n<ul class=\"wp-block-list\">\n<li>Alivia pies cansados y doloridos despu\u00e9s de largas jornadas o ejercicio<\/li>\n\n\n\n<li>Mejora la circulaci\u00f3n y reduce la inflamaci\u00f3n<\/li>\n\n\n\n<li>Alivia la fascitis plantar y los calambres<\/li>\n\n\n\n<li>Favorece la relajaci\u00f3n y reduce el estr\u00e9s<\/li>\n\n\n\n<li>Apoya un mejor sue\u00f1o y bienestar general<\/li>\n<\/ul>\n\n\n\n<p>Unos pies saludables mejoran la postura, el equilibrio y pueden aliviar dolores de espalda o piernas.<\/p>\n\n\n\n<hr class=\"wp-block-separator has-alpha-channel-opacity\"\/>\n\n\n\n<h3 class=\"wp-block-heading\">\u00bfQu\u00e9 Puedes Esperar en la Sesi\u00f3n?<\/h3>\n\n\n\n<p>Te sentar\u00e1s c\u00f3modo mientras el terapeuta aplica aceite o loci\u00f3n tibia y masajea con t\u00e9cnica experta pies y tobillos.<\/p>\n\n\n\n<p>La sesi\u00f3n puede incluir estiramientos suaves y presi\u00f3n en puntos reflejos clave para fomentar la sanaci\u00f3n y la relajaci\u00f3n.<\/p>\n<\/div>\n<\/div>\n<\/div>\n\n\n\n<div class=\"wp-block-group alignfull has-tertiary-background-color has-background has-global-padding is-layout-constrained wp-container-core-group-is-layout-7276a2bb wp-block-group-is-layout-constrained\" style=\"margin-top:0;margin-bottom:0;padding-top:var(--wp--preset--spacing--60);padding-right:var(--wp--preset--spacing--30);padding-bottom:var(--wp--preset--spacing--60);padding-left:var(--wp--preset--spacing--30)\">\n<div class=\"wp-block-group has-global-padding is-layout-constrained wp-block-group-is-layout-constrained\">\n<h2 class=\"wp-block-heading has-text-align-center has-large-font-size\">Vive la aut\u00e9ntica terapia de masaje tailand\u00e9s<\/h2>\n\n\n\n<p class=\"has-text-align-center\" style=\"margin-top:16px\">Rel\u00e1jate y renueva tu energ\u00eda con masajes tailandeses personalizados, dise\u00f1ados para restaurar el equilibrio y aliviar la tensi\u00f3n. Reserva tu cita hoy y abraza el bienestar y la tranquilidad.<\/p>\n\n\n\n<div class=\"wp-block-buttons is-content-justification-center is-layout-flex wp-container-core-buttons-is-layout-720bcce9 wp-block-buttons-is-layout-flex\">\n<div class=\"wp-block-button is-style-outline is-style-outline--1\"><a class=\"wp-block-button__link wp-element-button\" href=\"http:\/\/manathaimassage.com\/es\/#contact\">Reserva ahora<\/a><\/div>\n\n\n\n<div class=\"wp-block-button\"><a class=\"wp-block-button__link wp-element-button\" href=\"http:\/\/manathaimassage.com\/es\/#services\">Consulta servicios<\/a><\/div>\n<\/div>\n<\/div>\n<\/div>\n\n\n\n<div class=\"wp-block-columns alignwide are-vertically-aligned-center is-layout-flex wp-container-core-columns-is-layout-7fc3d43a wp-block-columns-is-layout-flex\" id=\"contact\">\n<div class=\"wp-block-column is-vertically-aligned-center is-layout-flow wp-block-column-is-layout-flow\" style=\"flex-basis:33.34%\">\n<div class=\"wp-block-group alignwide has-global-padding is-layout-constrained wp-block-group-is-layout-constrained\" style=\"border-radius:20rem\">\n<h2 class=\"wp-block-heading\">Masaje Tailand\u00e9s Aut\u00e9ntico para tu Bienestar<\/h2>\n\n\n\n<div class=\"wp-block-group is-nowrap is-layout-flex wp-container-core-group-is-layout-6c531013 wp-block-group-is-layout-flex\">\n<h2 class=\"wp-block-heading\"><\/h2>\n<\/div>\n<\/div>\n\n\n\n<div class=\"wp-block-group alignwide has-global-padding is-layout-constrained wp-block-group-is-layout-constrained\" style=\"border-radius:20rem\">\n<p><\/p>\n\n\n\n<p style=\"margin-top:0;margin-bottom:0\"><strong>Bulevard Bus, Carrer D&#8217;Higini Angles, 4, LOCAL A14, 43001 Tarragona<\/strong><br><\/p>\n\n\n\n<p class=\"has-small-font-size\" style=\"margin-top:8px\">Reserva por WhatsApp: <br>+34 644 469 931<br><a>+34 678 317 524<\/a><\/p>\n\n\n\n<p class=\"has-small-font-size\" style=\"margin-top:8px\">contact@manathaimassage.com<\/p>\n<\/div>\n<\/div>\n\n\n\n<div class=\"wp-block-column is-vertically-aligned-center is-layout-flow wp-block-column-is-layout-flow\" style=\"flex-basis:33.34%\">\n<figure class=\"wp-block-image size-full has-custom-border extendify-image-import\"><img loading=\"lazy\" decoding=\"async\" width=\"600\" height=\"1067\" src=\"https:\/\/manathaimassage.com\/wp-content\/uploads\/2025\/10\/hand.jpg\" alt=\"\" class=\"wp-image-212\" style=\"border-top-left-radius:10rem;border-top-right-radius:0rem;border-bottom-left-radius:0rem;border-bottom-right-radius:10rem;aspect-ratio:3\/4;object-fit:cover\" srcset=\"https:\/\/manathaimassage.com\/wp-content\/uploads\/2025\/10\/hand.jpg 600w, https:\/\/manathaimassage.com\/wp-content\/uploads\/2025\/10\/hand-169x300.jpg 169w, https:\/\/manathaimassage.com\/wp-content\/uploads\/2025\/10\/hand-576x1024.jpg 576w, https:\/\/manathaimassage.com\/wp-content\/uploads\/2025\/10\/hand-7x12.jpg 7w\" sizes=\"auto, (max-width: 600px) 100vw, 600px\" \/><\/figure>\n<\/div>\n\n\n\n<div class=\"wp-block-column is-vertically-aligned-center is-layout-flow wp-block-column-is-layout-flow\" style=\"flex-basis:33.33%\">\n<iframe src=\"https:\/\/www.google.com\/maps\/embed?pb=!1m18!1m12!1m3!1d3588.9427810249285!2d1.243161276448118!3d41.11730991270348!2m3!1f0!2f0!3f0!3m2!1i1024!2i768!4f13.1!3m3!1m2!1s0x12a3fd5b107c4da9%3A0x45b0432438f3acc7!2sMana%20Thai%20Massage!5e1!3m2!1sen!2ses!4v1759657004534!5m2!1sen!2ses\" width=\"400\" height=\"450\" style=\"border:0;\" allowfullscreen=\"\" loading=\"lazy\" referrerpolicy=\"no-referrer-when-downgrade\"><\/iframe>\n<\/div>\n<\/div>","protected":false},"excerpt":{"rendered":"<p>Foot Massage: Step Into Relaxation and Wellness Your feet carry you through life\u2019s every step \u2014 why not give them the care they deserve? Foot Massage sessions focus on soothing tired feet, improving circulation, and releasing tension that affects your whole body. What Is a Foot Massage? A foot massage targets the muscles, joints, and [&hellip;]<\/p>\n","protected":false},"author":1,"featured_media":0,"parent":0,"menu_order":0,"comment_status":"closed","ping_status":"closed","template":"no-title-sticky-header","meta":{"om_disable_all_campaigns":false,"pagelayer_contact_templates":[],"_pagelayer_content":"","_monsterinsights_skip_tracking":false,"_monsterinsights_sitenote_active":false,"_monsterinsights_sitenote_note":"","_monsterinsights_sitenote_category":0,"footnotes":""},"class_list":["post-124","page","type-page","status-publish","hentry"],"aioseo_notices":[],"_links":{"self":[{"href":"https:\/\/manathaimassage.com\/es\/wp-json\/wp\/v2\/pages\/124","targetHints":{"allow":["GET"]}}],"collection":[{"href":"https:\/\/manathaimassage.com\/es\/wp-json\/wp\/v2\/pages"}],"about":[{"href":"https:\/\/manathaimassage.com\/es\/wp-json\/wp\/v2\/types\/page"}],"author":[{"embeddable":true,"href":"https:\/\/manathaimassage.com\/es\/wp-json\/wp\/v2\/users\/1"}],"replies":[{"embeddable":true,"href":"https:\/\/manathaimassage.com\/es\/wp-json\/wp\/v2\/comments?post=124"}],"version-history":[{"count":7,"href":"https:\/\/manathaimassage.com\/es\/wp-json\/wp\/v2\/pages\/124\/revisions"}],"predecessor-version":[{"id":369,"href":"https:\/\/manathaimassage.com\/es\/wp-json\/wp\/v2\/pages\/124\/revisions\/369"}],"wp:attachment":[{"href":"https:\/\/manathaimassage.com\/es\/wp-json\/wp\/v2\/media?parent=124"}],"curies":[{"name":"wp","href":"https:\/\/api.w.org\/{rel}","templated":true}]}}